{"id":9,"date":"2026-01-06T17:44:59","date_gmt":"2026-01-06T17:44:59","guid":{"rendered":"https:\/\/camion-podium-a-vendre.fr\/?page_id=9"},"modified":"2026-02-16T17:09:04","modified_gmt":"2026-02-16T17:09:04","slug":"accueil","status":"publish","type":"page","link":"https:\/\/camion-podium-a-vendre.fr\/es\/","title":{"rendered":"Inicio"},"content":{"rendered":"\n<h1 class=\"wp-block-heading has-text-align-center\">Camion podium \u00e0 vendre<\/h1>\n\n\n<style>.kb-image9_39245f-b5 .kb-image-has-overlay:after{opacity:0.3;border-top-left-radius:10px;border-top-right-radius:10px;border-bottom-right-radius:10px;border-bottom-left-radius:10px;}.kb-image9_39245f-b5 img.kb-img, .kb-image9_39245f-b5 .kb-img img{border-top-left-radius:10px;border-top-right-radius:10px;border-bottom-right-radius:10px;border-bottom-left-radius:10px;box-shadow:6px 6px 8px 0px rgba(0, 0, 0, 0.8);}<\/style>\n<div class=\"wp-block-kadence-image kb-image9_39245f-b5\"><figure class=\"aligncenter size-full\"><img decoding=\"async\" src=\"https:\/\/www.shamane.live\/wp-content\/uploads\/2022\/03\/camion-podium-face-vide-shamane.webp\" alt=\"camion-podium-occasion\" class=\"kb-img wp-image-19568\"\/><\/figure><\/div>\n\n\n<style>.kadence-column9_606432-9b > .kt-inside-inner-col,.kadence-column9_606432-9b > .kt-inside-inner-col:before{border-top-left-radius:0px;border-top-right-radius:0px;border-bottom-right-radius:0px;border-bottom-left-radius:0px;}.kadence-column9_606432-9b > .kt-inside-inner-col{column-gap:var(--global-kb-gap-sm, 1rem);}.kadence-column9_606432-9b > .kt-inside-inner-col{flex-direction:column;}.kadence-column9_606432-9b > .kt-inside-inner-col > .aligncenter{width:100%;}.kadence-column9_606432-9b > .kt-inside-inner-col:before{opacity:0.3;}.kadence-column9_606432-9b{position:relative;}@media all and (max-width: 1024px){.kadence-column9_606432-9b > .kt-inside-inner-col{flex-direction:column;justify-content:center;}}@media all and (max-width: 767px){.kadence-column9_606432-9b > .kt-inside-inner-col{flex-direction:column;justify-content:center;}}<\/style>\n<div class=\"wp-block-kadence-column kadence-column9_606432-9b kb-section-dir-vertical\"><div class=\"kt-inside-inner-col\"><\/div><\/div>\n\n\n<style>.kadence-column9_f11c5c-27 > .kt-inside-inner-col,.kadence-column9_f11c5c-27 > .kt-inside-inner-col:before{border-top-left-radius:0px;border-top-right-radius:0px;border-bottom-right-radius:0px;border-bottom-left-radius:0px;}.kadence-column9_f11c5c-27 > .kt-inside-inner-col{column-gap:var(--global-kb-gap-sm, 1rem);}.kadence-column9_f11c5c-27 > .kt-inside-inner-col{flex-direction:column;}.kadence-column9_f11c5c-27 > .kt-inside-inner-col > .aligncenter{width:100%;}.kadence-column9_f11c5c-27 > .kt-inside-inner-col:before{opacity:0.3;}.kadence-column9_f11c5c-27{position:relative;}@media all and (max-width: 1024px){.kadence-column9_f11c5c-27 > .kt-inside-inner-col{flex-direction:column;justify-content:center;}}@media all and (max-width: 767px){.kadence-column9_f11c5c-27 > .kt-inside-inner-col{flex-direction:column;justify-content:center;}}<\/style>\n<div class=\"wp-block-kadence-column kadence-column9_f11c5c-27\"><div class=\"kt-inside-inner-col\"><\/div><\/div>\n\n\n\n<p>Camion podium complet pr\u00eat \u00e0 l\u2019emploi d&rsquo;occasion, id\u00e9al pour vos concerts, festivals, \u00e9v\u00e9nements sportifs ou animations diverses.<\/p>\n\n\n\n<p><strong>\u00c9quipement inclus :<\/strong><\/p>\n\n\n\n<ul class=\"wp-block-list\">\n<li>Groupe \u00e9lectrog\u00e8ne 40 kva<\/li>\n\n\n\n<li>Sonorisation professionnelle K-Array : 2 KH4 et 4 KS4 <\/li>\n\n\n\n<li>\u00c9clairages complets<\/li>\n\n\n\n<li>C\u00e2blages<\/li>\n\n\n\n<li>Barri\u00e8res de s\u00e9curit\u00e9 et passages de c\u00e2bles<\/li>\n\n\n\n<li>liste du mat\u00e9riel sur demande<\/li>\n<\/ul>\n\n\n\n<p>Le camion est pr\u00eat \u00e0 \u00eatre utilis\u00e9 imm\u00e9diatement.<\/p>\n\n\n\n<p><strong>Informations compl\u00e9mentaires :<\/strong><\/p>\n\n\n\n<ul class=\"wp-block-list\">\n<li>Vente pour raison de sant\u00e9<\/li>\n\n\n\n<li>Prix : 130 000 \u20ac<\/li>\n\n\n\n<li>Camion podium \u00e9quip\u00e9 d&rsquo;un groupe \u00e9lectrog\u00e8ne de 40 kVA sans syst\u00e8me de sonorisation ni \u00e9clairage 90 000 \u20ac<\/li>\n<\/ul>\n\n\n<style>.wp-block-kadence-advancedheading.kt-adv-heading9_477462-7f, .wp-block-kadence-advancedheading.kt-adv-heading9_477462-7f[data-kb-block=\"kb-adv-heading9_477462-7f\"]{text-align:center;font-style:normal;}.wp-block-kadence-advancedheading.kt-adv-heading9_477462-7f mark.kt-highlight, .wp-block-kadence-advancedheading.kt-adv-heading9_477462-7f[data-kb-block=\"kb-adv-heading9_477462-7f\"] mark.kt-highlight{font-style:normal;color:#f76a0c;-webkit-box-decoration-break:clone;box-decoration-break:clone;padding-top:0px;padding-right:0px;padding-bottom:0px;padding-left:0px;}.wp-block-kadence-advancedheading.kt-adv-heading9_477462-7f img.kb-inline-image, .wp-block-kadence-advancedheading.kt-adv-heading9_477462-7f[data-kb-block=\"kb-adv-heading9_477462-7f\"] img.kb-inline-image{width:150px;vertical-align:baseline;}<\/style>\n<h4 class=\"kt-adv-heading9_477462-7f wp-block-kadence-advancedheading\" data-kb-block=\"kb-adv-heading9_477462-7f\"><a href=\"https:\/\/youtu.be\/sQOy3vRplwQ\" target=\"_blank\" rel=\"noreferrer noopener\">Installation de notre camion podium<\/a><\/h4>\n\n\n\n<figure class=\"wp-block-embed is-type-video is-provider-youtube wp-block-embed-youtube wp-embed-aspect-16-9 wp-has-aspect-ratio\"><div class=\"wp-block-embed__wrapper\">\n<iframe loading=\"lazy\" title=\"Orchestre de vari\u00e9t\u00e9 Shamane, installation de notre car podium.\" width=\"720\" height=\"405\" src=\"https:\/\/www.youtube.com\/embed\/sQOy3vRplwQ?feature=oembed\" frameborder=\"0\" allow=\"accelerometer; autoplay; clipboard-write; encrypted-media; gyroscope; picture-in-picture; web-share\" referrerpolicy=\"strict-origin-when-cross-origin\" allowfullscreen><\/iframe>\n<\/div><\/figure>\n\n\n<style>.wp-block-kadence-advancedheading.kt-adv-heading9_fe5874-d7, .wp-block-kadence-advancedheading.kt-adv-heading9_fe5874-d7[data-kb-block=\"kb-adv-heading9_fe5874-d7\"]{text-align:center;font-style:normal;}.wp-block-kadence-advancedheading.kt-adv-heading9_fe5874-d7 mark.kt-highlight, .wp-block-kadence-advancedheading.kt-adv-heading9_fe5874-d7[data-kb-block=\"kb-adv-heading9_fe5874-d7\"] mark.kt-highlight{font-style:normal;color:#f76a0c;-webkit-box-decoration-break:clone;box-decoration-break:clone;padding-top:0px;padding-right:0px;padding-bottom:0px;padding-left:0px;}.wp-block-kadence-advancedheading.kt-adv-heading9_fe5874-d7 img.kb-inline-image, .wp-block-kadence-advancedheading.kt-adv-heading9_fe5874-d7[data-kb-block=\"kb-adv-heading9_fe5874-d7\"] img.kb-inline-image{width:150px;vertical-align:baseline;}<\/style>\n<h4 class=\"kt-adv-heading9_fe5874-d7 wp-block-kadence-advancedheading\" data-kb-block=\"kb-adv-heading9_fe5874-d7\"><a href=\"https:\/\/www.youtube.com\/watch?v=bbpeRVuHQ2w\" target=\"_blank\" rel=\"noreferrer noopener\">Teaser 2022<\/a><\/h4>\n\n\n\n<figure class=\"wp-block-embed is-type-video is-provider-youtube wp-block-embed-youtube wp-embed-aspect-16-9 wp-has-aspect-ratio\"><div class=\"wp-block-embed__wrapper\">\n<iframe loading=\"lazy\" title=\"Shamane Teaser 2022\" width=\"720\" height=\"405\" src=\"https:\/\/www.youtube.com\/embed\/bbpeRVuHQ2w?feature=oembed\" frameborder=\"0\" allow=\"accelerometer; autoplay; clipboard-write; encrypted-media; gyroscope; picture-in-picture; web-share\" referrerpolicy=\"strict-origin-when-cross-origin\" allowfullscreen><\/iframe>\n<\/div><\/figure>\n\n\n<style>.kadence-column9_6190dd-a7 > .kt-inside-inner-col,.kadence-column9_6190dd-a7 > .kt-inside-inner-col:before{border-top-left-radius:0px;border-top-right-radius:0px;border-bottom-right-radius:0px;border-bottom-left-radius:0px;}.kadence-column9_6190dd-a7 > .kt-inside-inner-col{column-gap:var(--global-kb-gap-sm, 1rem);}.kadence-column9_6190dd-a7 > .kt-inside-inner-col{flex-direction:column;}.kadence-column9_6190dd-a7 > .kt-inside-inner-col > .aligncenter{width:100%;}.kadence-column9_6190dd-a7 > .kt-inside-inner-col:before{opacity:0.3;}.kadence-column9_6190dd-a7{position:relative;}@media all and (max-width: 1024px){.kadence-column9_6190dd-a7 > .kt-inside-inner-col{flex-direction:column;justify-content:center;}}@media all and (max-width: 767px){.kadence-column9_6190dd-a7 > .kt-inside-inner-col{flex-direction:column;justify-content:center;}}<\/style>\n<div class=\"wp-block-kadence-column kadence-column9_6190dd-a7\"><div class=\"kt-inside-inner-col\"><\/div><\/div>\n\n\n\n<p><\/p>\n","protected":false},"excerpt":{"rendered":"<p>Camion podium \u00e0 vendre Camion podium complet pr\u00eat \u00e0 l\u2019emploi d&rsquo;occasion, id\u00e9al pour vos concerts, festivals, \u00e9v\u00e9nements sportifs ou animations diverses. \u00c9quipement inclus : Le camion est pr\u00eat \u00e0 \u00eatre utilis\u00e9 imm\u00e9diatement. Informations compl\u00e9mentaires : Installation de notre camion podium Teaser 2022<\/p>","protected":false},"author":1,"featured_media":0,"parent":0,"menu_order":0,"comment_status":"closed","ping_status":"closed","template":"","meta":{"_kad_post_transparent":"","_kad_post_title":"","_kad_post_layout":"","_kad_post_sidebar_id":"","_kad_post_content_style":"","_kad_post_vertical_padding":"","_kad_post_feature":"","_kad_post_feature_position":"","_kad_post_header":false,"_kad_post_footer":false,"_kad_post_classname":"","footnotes":""},"class_list":["post-9","page","type-page","status-publish","hentry"],"_hostinger_reach_plugin_has_subscription_block":false,"_hostinger_reach_plugin_is_elementor":false,"_links":{"self":[{"href":"https:\/\/camion-podium-a-vendre.fr\/es\/wp-json\/wp\/v2\/pages\/9","targetHints":{"allow":["GET"]}}],"collection":[{"href":"https:\/\/camion-podium-a-vendre.fr\/es\/wp-json\/wp\/v2\/pages"}],"about":[{"href":"https:\/\/camion-podium-a-vendre.fr\/es\/wp-json\/wp\/v2\/types\/page"}],"author":[{"embeddable":true,"href":"https:\/\/camion-podium-a-vendre.fr\/es\/wp-json\/wp\/v2\/users\/1"}],"replies":[{"embeddable":true,"href":"https:\/\/camion-podium-a-vendre.fr\/es\/wp-json\/wp\/v2\/comments?post=9"}],"version-history":[{"count":19,"href":"https:\/\/camion-podium-a-vendre.fr\/es\/wp-json\/wp\/v2\/pages\/9\/revisions"}],"predecessor-version":[{"id":202,"href":"https:\/\/camion-podium-a-vendre.fr\/es\/wp-json\/wp\/v2\/pages\/9\/revisions\/202"}],"wp:attachment":[{"href":"https:\/\/camion-podium-a-vendre.fr\/es\/wp-json\/wp\/v2\/media?parent=9"}],"curies":[{"name":"wp","href":"https:\/\/api.w.org\/{rel}","templated":true}]}}