{"id":155,"date":"2026-02-06T15:18:39","date_gmt":"2026-02-06T15:18:39","guid":{"rendered":"https:\/\/camion-podium-a-vendre.fr\/?page_id=155"},"modified":"2026-02-06T15:33:11","modified_gmt":"2026-02-06T15:33:11","slug":"camion-podium2","status":"publish","type":"page","link":"https:\/\/camion-podium-a-vendre.fr\/de\/camion-podium2\/","title":{"rendered":"Podium-Lkw"},"content":{"rendered":"<style>.wp-block-kadence-advancedheading.kt-adv-heading155_d05a4b-09, .wp-block-kadence-advancedheading.kt-adv-heading155_d05a4b-09[data-kb-block=\"kb-adv-heading155_d05a4b-09\"]{text-align:center;font-style:normal;}.wp-block-kadence-advancedheading.kt-adv-heading155_d05a4b-09 mark.kt-highlight, .wp-block-kadence-advancedheading.kt-adv-heading155_d05a4b-09[data-kb-block=\"kb-adv-heading155_d05a4b-09\"] mark.kt-highlight{font-style:normal;color:#f76a0c;-webkit-box-decoration-break:clone;box-decoration-break:clone;padding-top:0px;padding-right:0px;padding-bottom:0px;padding-left:0px;}.wp-block-kadence-advancedheading.kt-adv-heading155_d05a4b-09 img.kb-inline-image, .wp-block-kadence-advancedheading.kt-adv-heading155_d05a4b-09[data-kb-block=\"kb-adv-heading155_d05a4b-09\"] img.kb-inline-image{width:150px;vertical-align:baseline;}<\/style>\n<h1 class=\"kt-adv-heading155_d05a4b-09 wp-block-kadence-advancedheading\" data-kb-block=\"kb-adv-heading155_d05a4b-09\">Camion podium d&rsquo;occasion de l\u2019orchestre de vari\u00e9t\u00e9 Shamane<\/h1>\n\n\n<style>.kb-image155_729d44-2d .kb-image-has-overlay:after{opacity:0.3;border-top-left-radius:10px;border-top-right-radius:10px;border-bottom-right-radius:10px;border-bottom-left-radius:10px;}.kb-image155_729d44-2d img.kb-img, .kb-image155_729d44-2d .kb-img img{border-top-left-radius:10px;border-top-right-radius:10px;border-bottom-right-radius:10px;border-bottom-left-radius:10px;box-shadow:6px 6px 8px 0px rgba(0, 0, 0, 0.8);}<\/style>\n<div class=\"wp-block-kadence-image kb-image155_729d44-2d\"><figure class=\"aligncenter size-large\"><img loading=\"lazy\" decoding=\"async\" width=\"1024\" height=\"576\" src=\"https:\/\/camion-podium-a-vendre.fr\/wp-content\/uploads\/2026\/02\/camion-podium-16-1024x576.webp\" alt=\"camion-podium-16\" class=\"kb-img wp-image-110\" srcset=\"https:\/\/camion-podium-a-vendre.fr\/wp-content\/uploads\/2026\/02\/camion-podium-16-1024x576.webp 1024w, https:\/\/camion-podium-a-vendre.fr\/wp-content\/uploads\/2026\/02\/camion-podium-16-300x169.webp 300w, https:\/\/camion-podium-a-vendre.fr\/wp-content\/uploads\/2026\/02\/camion-podium-16-768x432.webp 768w, https:\/\/camion-podium-a-vendre.fr\/wp-content\/uploads\/2026\/02\/camion-podium-16-1536x864.webp 1536w, https:\/\/camion-podium-a-vendre.fr\/wp-content\/uploads\/2026\/02\/camion-podium-16-18x10.webp 18w, https:\/\/camion-podium-a-vendre.fr\/wp-content\/uploads\/2026\/02\/camion-podium-16.webp 1600w\" sizes=\"auto, (max-width: 1024px) 100vw, 1024px\" \/><\/figure><\/div>\n\n\n<style>.kb-row-layout-id155_8eb44a-06 > .kt-row-column-wrap{align-content:start;}:where(.kb-row-layout-id155_8eb44a-06 > .kt-row-column-wrap) > .wp-block-kadence-column{justify-content:start;}.kb-row-layout-id155_8eb44a-06 > .kt-row-column-wrap{column-gap:var(--global-kb-gap-md, 2rem);row-gap:var(--global-kb-gap-md, 2rem);padding-top:var(--global-kb-spacing-sm, 1.5rem);padding-bottom:var(--global-kb-spacing-sm, 1.5rem);grid-template-columns:repeat(2, minmax(0, 1fr));}.kb-row-layout-id155_8eb44a-06 > .kt-row-layout-overlay{opacity:0.30;}@media all and (max-width: 1024px){.kb-row-layout-id155_8eb44a-06 > .kt-row-column-wrap{grid-template-columns:repeat(2, minmax(0, 1fr));}}@media all and (max-width: 767px){.kb-row-layout-id155_8eb44a-06 > .kt-row-column-wrap{grid-template-columns:minmax(0, 1fr);}}<\/style><div class=\"kb-row-layout-wrap kb-row-layout-id155_8eb44a-06 alignnone wp-block-kadence-rowlayout\"><div class=\"kt-row-column-wrap kt-has-2-columns kt-row-layout-equal kt-tab-layout-inherit kt-mobile-layout-row kt-row-valign-top\">\n<style>.kadence-column155_3b0530-67 > .kt-inside-inner-col,.kadence-column155_3b0530-67 > .kt-inside-inner-col:before{border-top-left-radius:0px;border-top-right-radius:0px;border-bottom-right-radius:0px;border-bottom-left-radius:0px;}.kadence-column155_3b0530-67 > .kt-inside-inner-col{column-gap:var(--global-kb-gap-sm, 1rem);}.kadence-column155_3b0530-67 > .kt-inside-inner-col{flex-direction:column;}.kadence-column155_3b0530-67 > .kt-inside-inner-col > .aligncenter{width:100%;}.kadence-column155_3b0530-67 > .kt-inside-inner-col:before{opacity:0.3;}.kadence-column155_3b0530-67{position:relative;}@media all and (max-width: 1024px){.kadence-column155_3b0530-67 > .kt-inside-inner-col{flex-direction:column;justify-content:center;}}@media all and (max-width: 767px){.kadence-column155_3b0530-67 > .kt-inside-inner-col{flex-direction:column;justify-content:center;}}<\/style>\n<div class=\"wp-block-kadence-column kadence-column155_3b0530-67 inner-column-1\"><div class=\"kt-inside-inner-col\"><style>.kb-image155_752da5-3b .kb-image-has-overlay:after{opacity:0.3;border-top-left-radius:10px;border-top-right-radius:10px;border-bottom-right-radius:10px;border-bottom-left-radius:10px;}.kb-image155_752da5-3b img.kb-img, .kb-image155_752da5-3b .kb-img img{border-top-left-radius:10px;border-top-right-radius:10px;border-bottom-right-radius:10px;border-bottom-left-radius:10px;box-shadow:6px 6px 8px 0px rgba(0, 0, 0, 0.8);}<\/style>\n<figure class=\"wp-block-kadence-image kb-image155_752da5-3b size-full\"><img decoding=\"async\" src=\"https:\/\/www.shamane.live\/wp-content\/uploads\/2022\/03\/installation-podium-shamane.webp\" alt=\"installation-podium-shamane\" class=\"kb-img wp-image-19570\"\/><\/figure>\n<\/div><\/div>\n\n\n<style>.kadence-column155_b274b3-71 > .kt-inside-inner-col,.kadence-column155_b274b3-71 > .kt-inside-inner-col:before{border-top-left-radius:0px;border-top-right-radius:0px;border-bottom-right-radius:0px;border-bottom-left-radius:0px;}.kadence-column155_b274b3-71 > .kt-inside-inner-col{column-gap:var(--global-kb-gap-sm, 1rem);}.kadence-column155_b274b3-71 > .kt-inside-inner-col{flex-direction:column;}.kadence-column155_b274b3-71 > .kt-inside-inner-col > .aligncenter{width:100%;}.kadence-column155_b274b3-71 > .kt-inside-inner-col:before{opacity:0.3;}.kadence-column155_b274b3-71{position:relative;}@media all and (max-width: 1024px){.kadence-column155_b274b3-71 > .kt-inside-inner-col{flex-direction:column;justify-content:center;}}@media all and (max-width: 767px){.kadence-column155_b274b3-71 > .kt-inside-inner-col{flex-direction:column;justify-content:center;}}<\/style>\n<div class=\"wp-block-kadence-column kadence-column155_b274b3-71 inner-column-2\"><div class=\"kt-inside-inner-col\">\n<h3 class=\"wp-block-heading has-text-align-center\">Installation rapide<\/h3>\n\n\n\n<p>L\u2019ouverture de notre&nbsp;<strong>camion podium<\/strong>&nbsp;est tr\u00e8s rapide gr\u00e2ce \u00e0 son syst\u00e8me hydraulique :<br><br>4 v\u00e9rins stabilisent le camion au sol, ensuite ouverture du panneau lat\u00e9ral qui nous sert de toit, puis la sc\u00e8ne descend. Temps total : moins de&nbsp;<strong>15 minutes<\/strong>.<br><br>A ce stade il ne nous reste plus qu\u2019\u00e0 d\u00e9ployer le mat\u00e9riel de sonorisation et d\u2019\u00e9clairage, puis la r\u00e9gie et les instruments\u2026<br><br><strong>Vid\u00e9o rapide<\/strong>&nbsp;(2,48 min) de notre&nbsp;<a href=\"https:\/\/youtu.be\/sQOy3vRplwQ\" target=\"_blank\" rel=\"noreferrer noopener\">installation et d\u00e9sinstallation<\/a>.<\/p>\n<\/div><\/div>\n\n<\/div><\/div>\n\n<style>.kb-row-layout-id155_0b46f7-c0 > .kt-row-column-wrap{align-content:start;}:where(.kb-row-layout-id155_0b46f7-c0 > .kt-row-column-wrap) > .wp-block-kadence-column{justify-content:start;}.kb-row-layout-id155_0b46f7-c0 > .kt-row-column-wrap{column-gap:var(--global-kb-gap-md, 2rem);row-gap:var(--global-kb-gap-md, 2rem);padding-top:var(--global-kb-spacing-sm, 1.5rem);padding-bottom:var(--global-kb-spacing-sm, 1.5rem);grid-template-columns:repeat(2, minmax(0, 1fr));}.kb-row-layout-id155_0b46f7-c0 > .kt-row-layout-overlay{opacity:0.30;}@media all and (max-width: 1024px){.kb-row-layout-id155_0b46f7-c0 > .kt-row-column-wrap{grid-template-columns:repeat(2, minmax(0, 1fr));}}@media all and (max-width: 767px){.kb-row-layout-id155_0b46f7-c0 > .kt-row-column-wrap{grid-template-columns:minmax(0, 1fr);}}<\/style><div class=\"kb-row-layout-wrap kb-row-layout-id155_0b46f7-c0 alignnone wp-block-kadence-rowlayout\"><div class=\"kt-row-column-wrap kt-has-2-columns kt-row-layout-equal kt-tab-layout-inherit kt-mobile-layout-row kt-row-valign-top\">\n<style>.kadence-column155_5657d6-e5 > .kt-inside-inner-col,.kadence-column155_5657d6-e5 > .kt-inside-inner-col:before{border-top-left-radius:0px;border-top-right-radius:0px;border-bottom-right-radius:0px;border-bottom-left-radius:0px;}.kadence-column155_5657d6-e5 > .kt-inside-inner-col{column-gap:var(--global-kb-gap-sm, 1rem);}.kadence-column155_5657d6-e5 > .kt-inside-inner-col{flex-direction:column;}.kadence-column155_5657d6-e5 > .kt-inside-inner-col > .aligncenter{width:100%;}.kadence-column155_5657d6-e5 > .kt-inside-inner-col:before{opacity:0.3;}.kadence-column155_5657d6-e5{position:relative;}@media all and (max-width: 1024px){.kadence-column155_5657d6-e5 > .kt-inside-inner-col{flex-direction:column;justify-content:center;}}@media all and (max-width: 767px){.kadence-column155_5657d6-e5 > .kt-inside-inner-col{flex-direction:column;justify-content:center;}}<\/style>\n<div class=\"wp-block-kadence-column kadence-column155_5657d6-e5 inner-column-1\"><div class=\"kt-inside-inner-col\">\n<h3 class=\"wp-block-heading has-text-align-center\">Groupe \u00e9lectrog\u00e8ne de notre camion podium<\/h3>\n\n\n\n<p>Notre camion podium est \u00e9quip\u00e9 d&rsquo;un groupe \u00e9lectrog\u00e8ne 40 Kva avec une double insonorisation, ainsi nous sommes compl\u00e8tement autonomes.<br><br>Sur la photo, c&rsquo;est le cube noir derri\u00e8re les trois pupitres. L&rsquo;arriv\u00e9e d&rsquo;air et l&rsquo;\u00e9chappement se trouvent derri\u00e8re la sc\u00e8ne.<br><br>Il nous suffit simplement de nous connecter \u00e0 une prise 220V, pour avoir la terre.<br>En cas de concert en plein champ ou stade, nous plantons un piquet de terre dans le sol.<\/p>\n<\/div><\/div>\n\n\n<style>.kadence-column155_945175-21 > .kt-inside-inner-col,.kadence-column155_945175-21 > .kt-inside-inner-col:before{border-top-left-radius:0px;border-top-right-radius:0px;border-bottom-right-radius:0px;border-bottom-left-radius:0px;}.kadence-column155_945175-21 > .kt-inside-inner-col{column-gap:var(--global-kb-gap-sm, 1rem);}.kadence-column155_945175-21 > .kt-inside-inner-col{flex-direction:column;}.kadence-column155_945175-21 > .kt-inside-inner-col > .aligncenter{width:100%;}.kadence-column155_945175-21 > .kt-inside-inner-col:before{opacity:0.3;}.kadence-column155_945175-21{position:relative;}@media all and (max-width: 1024px){.kadence-column155_945175-21 > .kt-inside-inner-col{flex-direction:column;justify-content:center;}}@media all and (max-width: 767px){.kadence-column155_945175-21 > .kt-inside-inner-col{flex-direction:column;justify-content:center;}}<\/style>\n<div class=\"wp-block-kadence-column kadence-column155_945175-21 inner-column-2\"><div class=\"kt-inside-inner-col\"><style>.kb-image155_3a6543-64 .kb-image-has-overlay:after{opacity:0.3;border-top-left-radius:10px;border-top-right-radius:10px;border-bottom-right-radius:10px;border-bottom-left-radius:10px;}.kb-image155_3a6543-64 img.kb-img, .kb-image155_3a6543-64 .kb-img img{border-top-left-radius:10px;border-top-right-radius:10px;border-bottom-right-radius:10px;border-bottom-left-radius:10px;box-shadow:6px 6px 8px 0px rgba(0, 0, 0, 0.8);}<\/style>\n<figure class=\"wp-block-kadence-image kb-image155_3a6543-64 size-full\"><img decoding=\"async\" src=\"https:\/\/www.shamane.live\/wp-content\/uploads\/2022\/03\/camion-podium-face-shamane.webp\" alt=\"camion-podium-face-shamane\" class=\"kb-img wp-image-19567\"\/><\/figure>\n<\/div><\/div>\n\n<\/div><\/div>\n\n<style>.kb-row-layout-id155_59637b-1b > .kt-row-column-wrap{align-content:start;}:where(.kb-row-layout-id155_59637b-1b > .kt-row-column-wrap) > .wp-block-kadence-column{justify-content:start;}.kb-row-layout-id155_59637b-1b > .kt-row-column-wrap{column-gap:var(--global-kb-gap-md, 2rem);row-gap:var(--global-kb-gap-md, 2rem);padding-top:var(--global-kb-spacing-sm, 1.5rem);padding-bottom:var(--global-kb-spacing-sm, 1.5rem);grid-template-columns:repeat(2, minmax(0, 1fr));}.kb-row-layout-id155_59637b-1b > .kt-row-layout-overlay{opacity:0.30;}@media all and (max-width: 1024px){.kb-row-layout-id155_59637b-1b > .kt-row-column-wrap{grid-template-columns:repeat(2, minmax(0, 1fr));}}@media all and (max-width: 767px){.kb-row-layout-id155_59637b-1b > .kt-row-column-wrap{grid-template-columns:minmax(0, 1fr);}}<\/style><div class=\"kb-row-layout-wrap kb-row-layout-id155_59637b-1b alignnone wp-block-kadence-rowlayout\"><div class=\"kt-row-column-wrap kt-has-2-columns kt-row-layout-equal kt-tab-layout-inherit kt-mobile-layout-row kt-row-valign-top\">\n<style>.kadence-column155_792db3-ca > .kt-inside-inner-col,.kadence-column155_792db3-ca > .kt-inside-inner-col:before{border-top-left-radius:0px;border-top-right-radius:0px;border-bottom-right-radius:0px;border-bottom-left-radius:0px;}.kadence-column155_792db3-ca > .kt-inside-inner-col{column-gap:var(--global-kb-gap-sm, 1rem);}.kadence-column155_792db3-ca > .kt-inside-inner-col{flex-direction:column;}.kadence-column155_792db3-ca > .kt-inside-inner-col > .aligncenter{width:100%;}.kadence-column155_792db3-ca > .kt-inside-inner-col:before{opacity:0.3;}.kadence-column155_792db3-ca{position:relative;}@media all and (max-width: 1024px){.kadence-column155_792db3-ca > .kt-inside-inner-col{flex-direction:column;justify-content:center;}}@media all and (max-width: 767px){.kadence-column155_792db3-ca > .kt-inside-inner-col{flex-direction:column;justify-content:center;}}<\/style>\n<div class=\"wp-block-kadence-column kadence-column155_792db3-ca inner-column-1\"><div class=\"kt-inside-inner-col\"><style>.kb-image155_d49700-0e .kb-image-has-overlay:after{opacity:0.3;border-top-left-radius:10px;border-top-right-radius:10px;border-bottom-right-radius:10px;border-bottom-left-radius:10px;}.kb-image155_d49700-0e img.kb-img, .kb-image155_d49700-0e .kb-img img{border-top-left-radius:10px;border-top-right-radius:10px;border-bottom-right-radius:10px;border-bottom-left-radius:10px;box-shadow:6px 6px 8px 0px rgba(0, 0, 0, 0.8);}<\/style>\n<figure class=\"wp-block-kadence-image kb-image155_d49700-0e size-full\"><img decoding=\"async\" src=\"https:\/\/www.shamane.live\/wp-content\/uploads\/2022\/03\/camion-podium-face-public-shamane.webp\" alt=\"camion-podium-face-public-shamane\" class=\"kb-img wp-image-19566\"\/><\/figure>\n<\/div><\/div>\n\n\n<style>.kadence-column155_ba959c-09 > .kt-inside-inner-col,.kadence-column155_ba959c-09 > .kt-inside-inner-col:before{border-top-left-radius:0px;border-top-right-radius:0px;border-bottom-right-radius:0px;border-bottom-left-radius:0px;}.kadence-column155_ba959c-09 > .kt-inside-inner-col{column-gap:var(--global-kb-gap-sm, 1rem);}.kadence-column155_ba959c-09 > .kt-inside-inner-col{flex-direction:column;}.kadence-column155_ba959c-09 > .kt-inside-inner-col > .aligncenter{width:100%;}.kadence-column155_ba959c-09 > .kt-inside-inner-col:before{opacity:0.3;}.kadence-column155_ba959c-09{position:relative;}@media all and (max-width: 1024px){.kadence-column155_ba959c-09 > .kt-inside-inner-col{flex-direction:column;justify-content:center;}}@media all and (max-width: 767px){.kadence-column155_ba959c-09 > .kt-inside-inner-col{flex-direction:column;justify-content:center;}}<\/style>\n<div class=\"wp-block-kadence-column kadence-column155_ba959c-09 inner-column-2\"><div class=\"kt-inside-inner-col\">\n<h3 class=\"wp-block-heading has-text-align-center\">La soir\u00e9e<\/h3>\n\n\n\n<p>Une fois la mise en place termin\u00e9e, il ne nous reste plus qu&rsquo;\u00e0 jouer.<br><br><a href=\"https:\/\/www.youtube.com\/watch?v=bbpeRVuHQ2w\" target=\"_blank\" rel=\"noreferrer noopener\">Vid\u00e9o (2,18 min)<\/a> de l&rsquo;une de nos soir\u00e9es dansantes.<\/p>\n<\/div><\/div>\n\n<\/div><\/div>\n\n<style>.kb-row-layout-id155_e31b2f-e2 > .kt-row-column-wrap{align-content:start;}:where(.kb-row-layout-id155_e31b2f-e2 > .kt-row-column-wrap) > .wp-block-kadence-column{justify-content:start;}.kb-row-layout-id155_e31b2f-e2 > .kt-row-column-wrap{column-gap:var(--global-kb-gap-md, 2rem);row-gap:var(--global-kb-gap-md, 2rem);padding-top:var(--global-kb-spacing-sm, 1.5rem);padding-bottom:var(--global-kb-spacing-sm, 1.5rem);grid-template-columns:repeat(2, minmax(0, 1fr));}.kb-row-layout-id155_e31b2f-e2 > .kt-row-layout-overlay{opacity:0.30;}@media all and (max-width: 1024px){.kb-row-layout-id155_e31b2f-e2 > .kt-row-column-wrap{grid-template-columns:repeat(2, minmax(0, 1fr));}}@media all and (max-width: 767px){.kb-row-layout-id155_e31b2f-e2 > .kt-row-column-wrap{grid-template-columns:minmax(0, 1fr);}}<\/style><div class=\"kb-row-layout-wrap kb-row-layout-id155_e31b2f-e2 alignnone wp-block-kadence-rowlayout\"><div class=\"kt-row-column-wrap kt-has-2-columns kt-row-layout-equal kt-tab-layout-inherit kt-mobile-layout-row kt-row-valign-top\">\n<style>.kadence-column155_461cc3-bc > .kt-inside-inner-col,.kadence-column155_461cc3-bc > .kt-inside-inner-col:before{border-top-left-radius:0px;border-top-right-radius:0px;border-bottom-right-radius:0px;border-bottom-left-radius:0px;}.kadence-column155_461cc3-bc > .kt-inside-inner-col{column-gap:var(--global-kb-gap-sm, 1rem);}.kadence-column155_461cc3-bc > .kt-inside-inner-col{flex-direction:column;}.kadence-column155_461cc3-bc > .kt-inside-inner-col > .aligncenter{width:100%;}.kadence-column155_461cc3-bc > .kt-inside-inner-col:before{opacity:0.3;}.kadence-column155_461cc3-bc{position:relative;}@media all and (max-width: 1024px){.kadence-column155_461cc3-bc > .kt-inside-inner-col{flex-direction:column;justify-content:center;}}@media all and (max-width: 767px){.kadence-column155_461cc3-bc > .kt-inside-inner-col{flex-direction:column;justify-content:center;}}<\/style>\n<div class=\"wp-block-kadence-column kadence-column155_461cc3-bc inner-column-1\"><div class=\"kt-inside-inner-col\">\n<h3 class=\"wp-block-heading has-text-align-center\">Et apr\u00e8s ?<\/h3>\n\n\n\n<p class=\"has-text-align-left\">La suite, vous vous en doutez, nous plions et rangeons notre mat\u00e9riel, nous laissons place nette, et c&rsquo;est le d\u00e9part.<\/p>\n\n\n\n<p class=\"has-text-align-center\">En route pour de nouvelles aventures !<\/p>\n<\/div><\/div>\n\n\n<style>.kadence-column155_4a0092-1d > .kt-inside-inner-col,.kadence-column155_4a0092-1d > .kt-inside-inner-col:before{border-top-left-radius:0px;border-top-right-radius:0px;border-bottom-right-radius:0px;border-bottom-left-radius:0px;}.kadence-column155_4a0092-1d > .kt-inside-inner-col{column-gap:var(--global-kb-gap-sm, 1rem);}.kadence-column155_4a0092-1d > .kt-inside-inner-col{flex-direction:column;}.kadence-column155_4a0092-1d > .kt-inside-inner-col > .aligncenter{width:100%;}.kadence-column155_4a0092-1d > .kt-inside-inner-col:before{opacity:0.3;}.kadence-column155_4a0092-1d{position:relative;}@media all and (max-width: 1024px){.kadence-column155_4a0092-1d > .kt-inside-inner-col{flex-direction:column;justify-content:center;}}@media all and (max-width: 767px){.kadence-column155_4a0092-1d > .kt-inside-inner-col{flex-direction:column;justify-content:center;}}<\/style>\n<div class=\"wp-block-kadence-column kadence-column155_4a0092-1d inner-column-2\"><div class=\"kt-inside-inner-col\"><style>.kb-image155_e8d165-a1 .kb-image-has-overlay:after{opacity:0.3;border-top-left-radius:10px;border-top-right-radius:10px;border-bottom-right-radius:10px;border-bottom-left-radius:10px;}.kb-image155_e8d165-a1 img.kb-img, .kb-image155_e8d165-a1 .kb-img img{border-top-left-radius:10px;border-top-right-radius:10px;border-bottom-right-radius:10px;border-bottom-left-radius:10px;box-shadow:6px 6px 8px 0px rgba(0, 0, 0, 0.8);}<\/style>\n<figure class=\"wp-block-kadence-image kb-image155_e8d165-a1 size-full\"><img decoding=\"async\" src=\"https:\/\/www.shamane.live\/wp-content\/uploads\/2022\/03\/camion-podium-samane.webp\" alt=\"camion-podium-samane\" class=\"kb-img wp-image-19569\"\/><\/figure>\n<\/div><\/div>\n\n<\/div><\/div>\n\n<style>.kb-row-layout-id155_617f64-1a > .kt-row-column-wrap{align-content:start;}:where(.kb-row-layout-id155_617f64-1a > .kt-row-column-wrap) > .wp-block-kadence-column{justify-content:start;}.kb-row-layout-id155_617f64-1a > .kt-row-column-wrap{column-gap:var(--global-kb-gap-md, 2rem);row-gap:var(--global-kb-gap-md, 2rem);padding-top:var(--global-kb-spacing-sm, 1.5rem);padding-bottom:var(--global-kb-spacing-sm, 1.5rem);grid-template-columns:repeat(2, minmax(0, 1fr));}.kb-row-layout-id155_617f64-1a > .kt-row-layout-overlay{opacity:0.30;}@media all and (max-width: 1024px){.kb-row-layout-id155_617f64-1a > .kt-row-column-wrap{grid-template-columns:repeat(2, minmax(0, 1fr));}}@media all and (max-width: 767px){.kb-row-layout-id155_617f64-1a > .kt-row-column-wrap{grid-template-columns:minmax(0, 1fr);}}<\/style><div class=\"kb-row-layout-wrap kb-row-layout-id155_617f64-1a alignnone wp-block-kadence-rowlayout\"><div class=\"kt-row-column-wrap kt-has-2-columns kt-row-layout-equal kt-tab-layout-inherit kt-mobile-layout-row kt-row-valign-top\">\n<style>.kadence-column155_4d1732-c4 > .kt-inside-inner-col,.kadence-column155_4d1732-c4 > .kt-inside-inner-col:before{border-top-left-radius:0px;border-top-right-radius:0px;border-bottom-right-radius:0px;border-bottom-left-radius:0px;}.kadence-column155_4d1732-c4 > .kt-inside-inner-col{column-gap:var(--global-kb-gap-sm, 1rem);}.kadence-column155_4d1732-c4 > .kt-inside-inner-col{flex-direction:column;}.kadence-column155_4d1732-c4 > .kt-inside-inner-col > .aligncenter{width:100%;}.kadence-column155_4d1732-c4 > .kt-inside-inner-col:before{opacity:0.3;}.kadence-column155_4d1732-c4{position:relative;}@media all and (max-width: 1024px){.kadence-column155_4d1732-c4 > .kt-inside-inner-col{flex-direction:column;justify-content:center;}}@media all and (max-width: 767px){.kadence-column155_4d1732-c4 > .kt-inside-inner-col{flex-direction:column;justify-content:center;}}<\/style>\n<div class=\"wp-block-kadence-column kadence-column155_4d1732-c4 inner-column-1\"><div class=\"kt-inside-inner-col\"><style>.kb-image155_f0f824-b0 .kb-image-has-overlay:after{opacity:0.3;border-top-left-radius:10px;border-top-right-radius:10px;border-bottom-right-radius:10px;border-bottom-left-radius:10px;}.kb-image155_f0f824-b0 img.kb-img, .kb-image155_f0f824-b0 .kb-img img{border-top-left-radius:10px;border-top-right-radius:10px;border-bottom-right-radius:10px;border-bottom-left-radius:10px;box-shadow:6px 6px 8px 0px rgba(0, 0, 0, 0.8);}<\/style>\n<figure class=\"wp-block-kadence-image kb-image155_f0f824-b0 size-full\"><img decoding=\"async\" src=\"https:\/\/www.shamane.live\/wp-content\/uploads\/2022\/03\/camion-podium-455-shamane.webp\" alt=\"camion-podium-455-shamane\" class=\"kb-img wp-image-19562\"\/><\/figure>\n<\/div><\/div>\n\n\n<style>.kadence-column155_7c69d1-d6 > .kt-inside-inner-col,.kadence-column155_7c69d1-d6 > .kt-inside-inner-col:before{border-top-left-radius:0px;border-top-right-radius:0px;border-bottom-right-radius:0px;border-bottom-left-radius:0px;}.kadence-column155_7c69d1-d6 > .kt-inside-inner-col{column-gap:var(--global-kb-gap-sm, 1rem);}.kadence-column155_7c69d1-d6 > .kt-inside-inner-col{flex-direction:column;}.kadence-column155_7c69d1-d6 > .kt-inside-inner-col > .aligncenter{width:100%;}.kadence-column155_7c69d1-d6 > .kt-inside-inner-col:before{opacity:0.3;}.kadence-column155_7c69d1-d6{position:relative;}@media all and (max-width: 1024px){.kadence-column155_7c69d1-d6 > .kt-inside-inner-col{flex-direction:column;justify-content:center;}}@media all and (max-width: 767px){.kadence-column155_7c69d1-d6 > .kt-inside-inner-col{flex-direction:column;justify-content:center;}}<\/style>\n<div class=\"wp-block-kadence-column kadence-column155_7c69d1-d6 inner-column-2\"><div class=\"kt-inside-inner-col\">\n<h3 class=\"wp-block-heading has-text-align-center\">Dimensions de notre camion<\/h3>\n\n\n\n<p><br>Camion roulant L 10,50m, l 2,50m, h 4,10m<\/p>\n\n\n\n<p>Camion sc\u00e8ne ouverte L 10,50m, l 4,50m, h 4,20m<br><br>Poids 16 tonnes<\/p>\n<\/div><\/div>\n\n<\/div><\/div>","protected":false},"excerpt":{"rendered":"<p>Camion podium d&rsquo;occasion de l\u2019orchestre de vari\u00e9t\u00e9 Shamane Installation rapide L\u2019ouverture de notre&nbsp;camion podium&nbsp;est tr\u00e8s rapide gr\u00e2ce \u00e0 son syst\u00e8me hydraulique : 4 v\u00e9rins stabilisent le camion au sol, ensuite ouverture du panneau lat\u00e9ral qui nous sert de toit, puis la sc\u00e8ne descend. Temps total : moins de&nbsp;15 minutes. A ce stade il ne nous&#8230;<\/p>","protected":false},"author":1,"featured_media":0,"parent":0,"menu_order":0,"comment_status":"closed","ping_status":"closed","template":"","meta":{"_kad_post_transparent":"","_kad_post_title":"","_kad_post_layout":"","_kad_post_sidebar_id":"","_kad_post_content_style":"","_kad_post_vertical_padding":"","_kad_post_feature":"","_kad_post_feature_position":"","_kad_post_header":false,"_kad_post_footer":false,"_kad_post_classname":"","footnotes":""},"class_list":["post-155","page","type-page","status-publish","hentry"],"_hostinger_reach_plugin_has_subscription_block":false,"_hostinger_reach_plugin_is_elementor":false,"_links":{"self":[{"href":"https:\/\/camion-podium-a-vendre.fr\/de\/wp-json\/wp\/v2\/pages\/155","targetHints":{"allow":["GET"]}}],"collection":[{"href":"https:\/\/camion-podium-a-vendre.fr\/de\/wp-json\/wp\/v2\/pages"}],"about":[{"href":"https:\/\/camion-podium-a-vendre.fr\/de\/wp-json\/wp\/v2\/types\/page"}],"author":[{"embeddable":true,"href":"https:\/\/camion-podium-a-vendre.fr\/de\/wp-json\/wp\/v2\/users\/1"}],"replies":[{"embeddable":true,"href":"https:\/\/camion-podium-a-vendre.fr\/de\/wp-json\/wp\/v2\/comments?post=155"}],"version-history":[{"count":6,"href":"https:\/\/camion-podium-a-vendre.fr\/de\/wp-json\/wp\/v2\/pages\/155\/revisions"}],"predecessor-version":[{"id":183,"href":"https:\/\/camion-podium-a-vendre.fr\/de\/wp-json\/wp\/v2\/pages\/155\/revisions\/183"}],"wp:attachment":[{"href":"https:\/\/camion-podium-a-vendre.fr\/de\/wp-json\/wp\/v2\/media?parent=155"}],"curies":[{"name":"wp","href":"https:\/\/api.w.org\/{rel}","templated":true}]}}